{"id":8,"date":"2015-09-18T00:48:01","date_gmt":"2015-09-18T00:48:01","guid":{"rendered":"https:\/\/www.gilseia.com.br\/site\/?page_id=8"},"modified":"2023-04-19T19:14:11","modified_gmt":"2023-04-19T22:14:11","slug":"dra-gilseia-woitchunas","status":"publish","type":"page","link":"https:\/\/www.gilseia.com.br\/site\/dra-gilseia-woitchunas\/","title":{"rendered":"Dra. Gils\u00e9ia Woitchunas"},"content":{"rendered":"<div style=\"display: none;\">\n<p>clareamento dental<br \/>\nimplante dentario<br \/>\nlipoaspira\u00e7\u00e3o facial<br \/>\nfacetas de porcelana<br \/>\nwww.gilseia.com.br<br \/>\nimplante dentario e facetas de porcelana\/2016\/12\/ Folder-Pasta-2016_17<\/p>\n<p>clareamento dentalpasso fundo lipoaspira\u00e7\u00e3o facial, implante dentario passo fundo, clareamento dental, passo fundo RS, clareamento dentale escrit\u00f3rio passo fundo<\/p>\n<h1>clareamento dentalem passo fundo,\u00a0lipoaspira\u00e7\u00e3o facial passo fundo, lipoaspira\u00e7\u00e3o facial,<\/h1>\n<h2>clareamento dentalem passo fundo, clareamento dentalpasso fundo e regi\u00e3o, lipoaspira\u00e7\u00e3o facial em passo fundo, clareamento dentalfacetas de porcelana, , clareamento dental, para passo fundo e regi\u00e3o, clareamento dentalpara passo fundo e regi\u00e3o\u00a0alongamentos de c\u00edlios em passo fundo, clareamento dentalpasso fundo e regi\u00e3o, lipoaspira\u00e7\u00e3o facial em passo fundo, clareamento dentalfacetas de porcelana, , clareamento dental,<\/h2>\n<p>&nbsp;<\/p>\n<p>para passo fundo e regi\u00e3o, clareamento dentalpara passo fundo e regi\u00e3o\u00a0alongamentos de c\u00edlios em passo fundo, clareamento dentalpasso fundo e regi\u00e3o, lipoaspira\u00e7\u00e3o facial em passo fundo, clareamento dentalfacetas de porcelana, , clareamento dental, para passo fundo e regi\u00e3o, clareamento dentalpara passo fundo e regi\u00e3o\u00a0alongamentos de c\u00edlios em passo fundo, clareamento dentalpasso fundo e regi\u00e3o, lipoaspira\u00e7\u00e3o facial em passo fundo, clareamento dentalfacetas de porcelana, , clareamento dental, para passo fundo e regi\u00e3o, clareamento dentalpara passo fundo e regi\u00e3o\u00a0alongamentos de c\u00edlios em passo fundo, clareamento dentalpasso fundo e regi\u00e3o, lipoaspira\u00e7\u00e3o facial em passo fundo, clareamento dentalfacetas de porcelana, , clareamento dental, para passo fundo e regi\u00e3o,<\/p>\n<p>&nbsp;<\/p>\n<p>clareamento dentalpara passo fundo e regi\u00e3o\u00a0alongamentos de c\u00edlios em passo fundo, clareamento dentalpasso fundo e regi\u00e3o, cria\u00e7\u00e3o de sites em passo fundo, clareamento dentalfacetas de porcelana, , clareamento dental, para passo fundo e regi\u00e3o, clareamento dentalpara passo fundo e regi\u00e3o<\/p>\n<div id=\"attachment_747\" style=\"width: 353px\" class=\"wp-caption aligncenter\"><a href=\"https:\/\/www.gilseia.com.br\/site\/wp-content\/uploads\/2013\/06\/Folder-Pasta-2013_14.jpg\"><img decoding=\"async\" aria-describedby=\"caption-attachment-747\" class=\"size-full wp-image-747 \" title=\"alongamentos de c\u00edlios em passo fundo\" src=\"https:\/\/www.gilseia.com.br\/site\/wp-content\/uploads\/2013\/06\/Folder-Pasta-2013_14.jpg\" alt=\"alongamentos de c\u00edlios em passo fundo\" width=\"343\" height=\"300\" loading=\"lazy\" \/><\/a><p id=\"caption-attachment-747\" class=\"wp-caption-text\">alongamentos de c\u00edlios em passo fundo<\/p><\/div>\n<\/div>\n","protected":false},"excerpt":{"rendered":"<p>clareamento dental implante dentario lipoaspira\u00e7\u00e3o facial facetas de porcelana www.gilseia.com.br implante dentario e facetas de porcelana\/2016\/12\/ Folder-Pasta-2016_17 clareamento dentalpasso fundo lipoaspira\u00e7\u00e3o facial, implante dentario passo fundo, clareamento dental, passo fundo RS, clareamento dentale escrit\u00f3rio passo fundo clareamento dentalem passo fundo,\u00a0lipoaspira\u00e7\u00e3o facial passo fundo, lipoaspira\u00e7\u00e3o facial, clareamento dentalem passo fundo, clareamento dentalpasso fundo e regi\u00e3o, lipoaspira\u00e7\u00e3o [&hellip;]<\/p>\n","protected":false},"author":1,"featured_media":0,"parent":0,"menu_order":5,"comment_status":"closed","ping_status":"closed","template":"template-dra-gilseia-woitchunas.php","meta":{"footnotes":""},"class_list":["post-8","page","type-page","status-publish","hentry"],"_links":{"self":[{"href":"https:\/\/www.gilseia.com.br\/site\/wp-json\/wp\/v2\/pages\/8"}],"collection":[{"href":"https:\/\/www.gilseia.com.br\/site\/wp-json\/wp\/v2\/pages"}],"about":[{"href":"https:\/\/www.gilseia.com.br\/site\/wp-json\/wp\/v2\/types\/page"}],"author":[{"embeddable":true,"href":"https:\/\/www.gilseia.com.br\/site\/wp-json\/wp\/v2\/users\/1"}],"replies":[{"embeddable":true,"href":"https:\/\/www.gilseia.com.br\/site\/wp-json\/wp\/v2\/comments?post=8"}],"version-history":[{"count":2,"href":"https:\/\/www.gilseia.com.br\/site\/wp-json\/wp\/v2\/pages\/8\/revisions"}],"predecessor-version":[{"id":1687,"href":"https:\/\/www.gilseia.com.br\/site\/wp-json\/wp\/v2\/pages\/8\/revisions\/1687"}],"wp:attachment":[{"href":"https:\/\/www.gilseia.com.br\/site\/wp-json\/wp\/v2\/media?parent=8"}],"curies":[{"name":"wp","href":"https:\/\/api.w.org\/{rel}","templated":true}]}}