{"id":6,"date":"2015-09-18T00:47:42","date_gmt":"2015-09-18T00:47:42","guid":{"rendered":"https:\/\/www.gilseia.com.br\/site\/?page_id=6"},"modified":"2024-06-20T16:52:01","modified_gmt":"2024-06-20T19:52:01","slug":"clinica","status":"publish","type":"page","link":"https:\/\/www.gilseia.com.br\/site\/clinica\/","title":{"rendered":"A Cl\u00ednica"},"content":{"rendered":"<p>A Cl\u00ednica Gils\u00e9ia Woitchunas Harmoniza\u00e7\u00e3o Facial e Rejuvenescimento \u00e9 um espa\u00e7o dedicado \u00e0 beleza e bem-estar de seus pacientes. Com uma equipe de profissionais altamente qualificados e especializados em tratamentos est\u00e9ticos faciais, a cl\u00ednica oferece um ambiente acolhedor e confort\u00e1vel para aqueles que desejam melhorar sua apar\u00eancia e autoestima.<\/p>\n<p>A harmoniza\u00e7\u00e3o facial \u00e9 uma t\u00e9cnica que visa equilibrar e melhorar as propor\u00e7\u00f5es do rosto, ressaltando seus pontos fortes e minimizando imperfei\u00e7\u00f5es. Na Cl\u00ednica Gils\u00e9ia Woitchunas, esse procedimento \u00e9 realizado com extrema precis\u00e3o e cuidado, levando em considera\u00e7\u00e3o as caracter\u00edsticas \u00fanicas de cada paciente.<\/p>\n<p>Al\u00e9m da harmoniza\u00e7\u00e3o facial, a cl\u00ednica oferece diversos outros tratamentos est\u00e9ticos faciais, como preenchimento labial, aplica\u00e7\u00e3o de botox, tratamento de olheiras e manchas, entre outros. Todos esses procedimentos s\u00e3o realizados com tecnologia de ponta e materiais de alta qualidade, garantindo resultados duradouros e satisfat\u00f3rios<\/p>\n<div class=\"foogallery foogallery-container foogallery-default foogallery-lightbox-foobox fg-gutter-10 fg-center fg-default fg-light fg-border-medium fg-round-medium fg-shadow-medium fg-loading-default fg-loaded-fade-in fg-custom fg-hover-scale fg-caption-always fg-hover-fade fg-hover-zoom\" id=\"foogallery-gallery-1567\" data-foogallery=\"{&quot;item&quot;:{&quot;showCaptionTitle&quot;:true,&quot;showCaptionDescription&quot;:true},&quot;lazy&quot;:true,&quot;src&quot;:&quot;data-src-fg&quot;,&quot;srcset&quot;:&quot;data-srcset-fg&quot;}\" data-fg-common-fields=\"1\" >\n\t<div class=\"fg-item\"><figure class=\"fg-item-inner\"><a href=\"https:\/\/www.gilseia.com.br\/site\/wp-content\/uploads\/2019\/12\/IMG_2599.jpg\" data-attachment-id=\"1568\" class=\" fg-thumb\"><img width=\"150\" height=\"150\" data-src-fg=\"https:\/\/www.gilseia.com.br\/site\/wp-content\/uploads\/cache\/2019\/12\/IMG_2599\/1279315683.jpg\" class=\"fg-image\" \/><\/a><figcaption class=\"fg-caption\"><div class=\"fg-caption-inner\"><\/div><\/figcaption><\/figure><\/div><div class=\"fg-item\"><figure class=\"fg-item-inner\"><a href=\"https:\/\/www.gilseia.com.br\/site\/wp-content\/uploads\/2019\/12\/IMG_2600.jpg\" data-attachment-id=\"1569\" class=\" fg-thumb\"><img width=\"150\" height=\"150\" data-src-fg=\"https:\/\/www.gilseia.com.br\/site\/wp-content\/uploads\/cache\/2019\/12\/IMG_2600\/3406540039.jpg\" class=\"fg-image\" \/><\/a><figcaption class=\"fg-caption\"><div class=\"fg-caption-inner\"><\/div><\/figcaption><\/figure><\/div><div class=\"fg-item\"><figure class=\"fg-item-inner\"><a href=\"https:\/\/www.gilseia.com.br\/site\/wp-content\/uploads\/2019\/12\/IMG_2602.jpg\" data-attachment-id=\"1570\" class=\" fg-thumb\"><img width=\"150\" height=\"150\" data-src-fg=\"https:\/\/www.gilseia.com.br\/site\/wp-content\/uploads\/cache\/2019\/12\/IMG_2602\/1916598914.jpg\" class=\"fg-image\" \/><\/a><figcaption class=\"fg-caption\"><div class=\"fg-caption-inner\"><\/div><\/figcaption><\/figure><\/div><div class=\"fg-item\"><figure class=\"fg-item-inner\"><a href=\"https:\/\/www.gilseia.com.br\/site\/wp-content\/uploads\/2019\/12\/IMG_2624.jpg\" data-attachment-id=\"1571\" class=\" fg-thumb\"><img width=\"150\" height=\"150\" data-src-fg=\"https:\/\/www.gilseia.com.br\/site\/wp-content\/uploads\/cache\/2019\/12\/IMG_2624\/1161145876.jpg\" class=\"fg-image\" \/><\/a><figcaption class=\"fg-caption\"><div class=\"fg-caption-inner\"><\/div><\/figcaption><\/figure><\/div><div class=\"fg-item\"><figure class=\"fg-item-inner\"><a href=\"https:\/\/www.gilseia.com.br\/site\/wp-content\/uploads\/2019\/12\/IMG_2630.jpg\" data-attachment-id=\"1572\" class=\" fg-thumb\"><img width=\"150\" height=\"150\" data-src-fg=\"https:\/\/www.gilseia.com.br\/site\/wp-content\/uploads\/cache\/2019\/12\/IMG_2630\/1841638485.jpg\" class=\"fg-image\" \/><\/a><figcaption class=\"fg-caption\"><div class=\"fg-caption-inner\"><\/div><\/figcaption><\/figure><\/div><div class=\"fg-item\"><figure class=\"fg-item-inner\"><a href=\"https:\/\/www.gilseia.com.br\/site\/wp-content\/uploads\/2019\/12\/IMG_2644.jpg\" data-attachment-id=\"1573\" class=\" fg-thumb\"><img width=\"150\" height=\"150\" data-src-fg=\"https:\/\/www.gilseia.com.br\/site\/wp-content\/uploads\/cache\/2019\/12\/IMG_2644\/1384004337.jpg\" class=\"fg-image\" \/><\/a><figcaption class=\"fg-caption\"><div class=\"fg-caption-inner\"><\/div><\/figcaption><\/figure><\/div><div class=\"fg-item\"><figure class=\"fg-item-inner\"><a href=\"https:\/\/www.gilseia.com.br\/site\/wp-content\/uploads\/2019\/12\/IMG_2659.jpg\" data-attachment-id=\"1574\" class=\" fg-thumb\"><img width=\"150\" height=\"150\" data-src-fg=\"https:\/\/www.gilseia.com.br\/site\/wp-content\/uploads\/cache\/2019\/12\/IMG_2659\/2908911941.jpg\" class=\"fg-image\" \/><\/a><figcaption class=\"fg-caption\"><div class=\"fg-caption-inner\"><\/div><\/figcaption><\/figure><\/div><div class=\"fg-item\"><figure class=\"fg-item-inner\"><a href=\"https:\/\/www.gilseia.com.br\/site\/wp-content\/uploads\/2019\/12\/IMG_2661.jpg\" data-attachment-id=\"1575\" class=\" fg-thumb\"><img width=\"150\" height=\"150\" data-src-fg=\"https:\/\/www.gilseia.com.br\/site\/wp-content\/uploads\/cache\/2019\/12\/IMG_2661\/2560240546.jpg\" class=\"fg-image\" \/><\/a><figcaption class=\"fg-caption\"><div class=\"fg-caption-inner\"><\/div><\/figcaption><\/figure><\/div><div class=\"fg-item\"><figure class=\"fg-item-inner\"><a href=\"https:\/\/www.gilseia.com.br\/site\/wp-content\/uploads\/2019\/12\/IMG_2673.jpg\" data-attachment-id=\"1576\" class=\" fg-thumb\"><img width=\"150\" height=\"150\" data-src-fg=\"https:\/\/www.gilseia.com.br\/site\/wp-content\/uploads\/cache\/2019\/12\/IMG_2673\/1980080228.jpg\" class=\"fg-image\" \/><\/a><figcaption class=\"fg-caption\"><div class=\"fg-caption-inner\"><\/div><\/figcaption><\/figure><\/div><div class=\"fg-item\"><figure class=\"fg-item-inner\"><a href=\"https:\/\/www.gilseia.com.br\/site\/wp-content\/uploads\/2019\/12\/IMG_2552.jpg\" data-attachment-id=\"1577\" class=\" fg-thumb\"><img width=\"150\" height=\"150\" data-src-fg=\"https:\/\/www.gilseia.com.br\/site\/wp-content\/uploads\/cache\/2019\/12\/IMG_2552\/2701018856.jpg\" class=\"fg-image\" \/><\/a><figcaption class=\"fg-caption\"><div class=\"fg-caption-inner\"><\/div><\/figcaption><\/figure><\/div><div class=\"fg-item\"><figure class=\"fg-item-inner\"><a href=\"https:\/\/www.gilseia.com.br\/site\/wp-content\/uploads\/2019\/12\/IMG_2569.jpg\" data-attachment-id=\"1578\" class=\" fg-thumb\"><img width=\"150\" height=\"150\" data-src-fg=\"https:\/\/www.gilseia.com.br\/site\/wp-content\/uploads\/cache\/2019\/12\/IMG_2569\/4249720736.jpg\" class=\"fg-image\" \/><\/a><figcaption class=\"fg-caption\"><div class=\"fg-caption-inner\"><\/div><\/figcaption><\/figure><\/div><div class=\"fg-item\"><figure class=\"fg-item-inner\"><a href=\"https:\/\/www.gilseia.com.br\/site\/wp-content\/uploads\/2019\/12\/IMG_2578.jpg\" data-attachment-id=\"1579\" class=\" fg-thumb\"><img width=\"150\" height=\"150\" data-src-fg=\"https:\/\/www.gilseia.com.br\/site\/wp-content\/uploads\/cache\/2019\/12\/IMG_2578\/4178376426.jpg\" class=\"fg-image\" \/><\/a><figcaption class=\"fg-caption\"><div class=\"fg-caption-inner\"><\/div><\/figcaption><\/figure><\/div><div class=\"fg-item\"><figure class=\"fg-item-inner\"><a href=\"https:\/\/www.gilseia.com.br\/site\/wp-content\/uploads\/2019\/12\/a.jpg\" data-attachment-id=\"1600\" class=\" fg-thumb\"><img width=\"150\" height=\"150\" data-src-fg=\"https:\/\/www.gilseia.com.br\/site\/wp-content\/uploads\/cache\/2019\/12\/a\/815486218.jpg\" class=\"fg-image\" \/><\/a><figcaption class=\"fg-caption\"><div class=\"fg-caption-inner\"><\/div><\/figcaption><\/figure><\/div><div class=\"fg-item\"><figure class=\"fg-item-inner\"><a href=\"https:\/\/www.gilseia.com.br\/site\/wp-content\/uploads\/2019\/12\/IMG_2593.jpg\" data-attachment-id=\"1580\" class=\" fg-thumb\"><img width=\"150\" height=\"150\" data-src-fg=\"https:\/\/www.gilseia.com.br\/site\/wp-content\/uploads\/cache\/2019\/12\/IMG_2593\/3896158441.jpg\" class=\"fg-image\" \/><\/a><figcaption class=\"fg-caption\"><div class=\"fg-caption-inner\"><\/div><\/figcaption><\/figure><\/div><\/div>\n\n<p>A preocupa\u00e7\u00e3o com a seguran\u00e7a e o bem-estar dos pacientes \u00e9 uma das principais caracter\u00edsticas da Cl\u00ednica Gils\u00e9ia Woitchunas. Antes de qualquer procedimento, os profissionais realizam uma avalia\u00e7\u00e3o detalhada do paciente e discutem com ele todas as op\u00e7\u00f5es de tratamento dispon\u00edveis, para que ele possa tomar a decis\u00e3o mais adequada de acordo com suas necessidades e expectativas.<\/p>\n<p>Al\u00e9m disso, a cl\u00ednica mant\u00e9m um rigoroso protocolo de higiene e seguran\u00e7a, seguindo todas as normas estabelecidas pelos \u00f3rg\u00e3os reguladores. Isso garante que os pacientes possam realizar seus tratamentos com total tranquilidade e confian\u00e7a.<\/p>\n<div style=\"display: none;\">\n<p>clareamento dental<br \/>\nimplante dentario<br \/>\nlipoaspira\u00e7\u00e3o facial<br \/>\nfacetas de porcelana<br \/>\nwww.gilseia.com.br<br \/>\nimplante dentario e facetas de porcelana\/2016\/12\/ Folder-Pasta-2016_17<\/p>\n<p>clareamento dentalpasso fundo lipoaspira\u00e7\u00e3o facial, implante dentario passo fundo, clareamento dental, passo fundo RS, clareamento dentale escrit\u00f3rio passo fundo<\/p>\n<h1>clareamento dentalem passo fundo,\u00a0lipoaspira\u00e7\u00e3o facial passo fundo, lipoaspira\u00e7\u00e3o facial,<\/h1>\n<h2>clareamento dentalem passo fundo, clareamento dentalpasso fundo e regi\u00e3o, lipoaspira\u00e7\u00e3o facial em passo fundo, clareamento dentalfacetas de porcelana, , clareamento dental, para passo fundo e regi\u00e3o, clareamento dentalpara passo fundo e regi\u00e3o\u00a0alongamentos de c\u00edlios em passo fundo, clareamento dentalpasso fundo e regi\u00e3o, lipoaspira\u00e7\u00e3o facial em passo fundo, clareamento dentalfacetas de porcelana, , clareamento dental,<\/h2>\n<p>&nbsp;<\/p>\n<p>para passo fundo e regi\u00e3o, clareamento dentalpara passo fundo e regi\u00e3o\u00a0alongamentos de c\u00edlios em passo fundo, clareamento dentalpasso fundo e regi\u00e3o, lipoaspira\u00e7\u00e3o facial em passo fundo, clareamento dentalfacetas de porcelana, , clareamento dental, para passo fundo e regi\u00e3o, clareamento dentalpara passo fundo e regi\u00e3o\u00a0alongamentos de c\u00edlios em passo fundo, clareamento dentalpasso fundo e regi\u00e3o, lipoaspira\u00e7\u00e3o facial em passo fundo, clareamento dentalfacetas de porcelana, , clareamento dental, para passo fundo e regi\u00e3o, clareamento dentalpara passo fundo e regi\u00e3o\u00a0alongamentos de c\u00edlios em passo fundo, clareamento dentalpasso fundo e regi\u00e3o, lipoaspira\u00e7\u00e3o facial em passo fundo, clareamento dentalfacetas de porcelana, , clareamento dental, para passo fundo e regi\u00e3o,<\/p>\n<p>&nbsp;<\/p>\n<p>clareamento dentalpara passo fundo e regi\u00e3o\u00a0alongamentos de c\u00edlios em passo fundo, clareamento dentalpasso fundo e regi\u00e3o, cria\u00e7\u00e3o de sites em passo fundo, clareamento dentalfacetas de porcelana, , clareamento dental, para passo fundo e regi\u00e3o, clareamento dentalpara passo fundo e regi\u00e3o<\/p>\n<div id=\"attachment_747\" style=\"width: 353px\" class=\"wp-caption aligncenter\"><a href=\"https:\/\/www.gilseia.com.br\/site\/wp-content\/uploads\/2013\/06\/Folder-Pasta-2013_14.jpg\"><img decoding=\"async\" aria-describedby=\"caption-attachment-747\" class=\"size-full wp-image-747 \" title=\"alongamentos de c\u00edlios em passo fundo\" src=\"https:\/\/www.gilseia.com.br\/site\/wp-content\/uploads\/2013\/06\/Folder-Pasta-2013_14.jpg\" alt=\"alongamentos de c\u00edlios em passo fundo\" width=\"343\" height=\"300\" loading=\"lazy\" \/><\/a><p id=\"caption-attachment-747\" class=\"wp-caption-text\">alongamentos de c\u00edlios em passo fundo<\/p><\/div>\n<\/div>\n","protected":false},"excerpt":{"rendered":"<p>A Cl\u00ednica Gils\u00e9ia Woitchunas Harmoniza\u00e7\u00e3o Facial e Rejuvenescimento \u00e9 um espa\u00e7o dedicado \u00e0 beleza e bem-estar de seus pacientes. Com uma equipe de profissionais altamente qualificados e especializados em tratamentos est\u00e9ticos faciais, a cl\u00ednica oferece um ambiente acolhedor e confort\u00e1vel para aqueles que desejam melhorar sua apar\u00eancia e autoestima. A harmoniza\u00e7\u00e3o facial \u00e9 uma t\u00e9cnica [&hellip;]<\/p>\n","protected":false},"author":1,"featured_media":0,"parent":0,"menu_order":2,"comment_status":"closed","ping_status":"closed","template":"template-a-clinica.php","meta":{"footnotes":""},"class_list":["post-6","page","type-page","status-publish","hentry"],"_links":{"self":[{"href":"https:\/\/www.gilseia.com.br\/site\/wp-json\/wp\/v2\/pages\/6"}],"collection":[{"href":"https:\/\/www.gilseia.com.br\/site\/wp-json\/wp\/v2\/pages"}],"about":[{"href":"https:\/\/www.gilseia.com.br\/site\/wp-json\/wp\/v2\/types\/page"}],"author":[{"embeddable":true,"href":"https:\/\/www.gilseia.com.br\/site\/wp-json\/wp\/v2\/users\/1"}],"replies":[{"embeddable":true,"href":"https:\/\/www.gilseia.com.br\/site\/wp-json\/wp\/v2\/comments?post=6"}],"version-history":[{"count":8,"href":"https:\/\/www.gilseia.com.br\/site\/wp-json\/wp\/v2\/pages\/6\/revisions"}],"predecessor-version":[{"id":1785,"href":"https:\/\/www.gilseia.com.br\/site\/wp-json\/wp\/v2\/pages\/6\/revisions\/1785"}],"wp:attachment":[{"href":"https:\/\/www.gilseia.com.br\/site\/wp-json\/wp\/v2\/media?parent=6"}],"curies":[{"name":"wp","href":"https:\/\/api.w.org\/{rel}","templated":true}]}}