{"id":19,"date":"2015-09-18T00:53:14","date_gmt":"2015-09-18T00:53:14","guid":{"rendered":"https:\/\/www.gilseia.com.br\/site\/?page_id=19"},"modified":"2024-10-24T12:08:44","modified_gmt":"2024-10-24T15:08:44","slug":"inicio","status":"publish","type":"page","link":"https:\/\/www.gilseia.com.br\/site\/","title":{"rendered":"In\u00edcio"},"content":{"rendered":"<div class=\"advanced-slider\" id=\"slider-pro-1\" tabindex=\"0\" style=\"width: px; height: px;\">\n\t<div class=\"slides\">\n\t\t<div class=\"slide\" >\n\t\t\t<img decoding=\"async\" class=\"image\" src=\"https:\/\/www.gilseia.com.br\/site\/wp-content\/uploads\/2022\/04\/111.jpg\" alt=\"\"\/>\n\t\t\t<img decoding=\"async\" class=\"thumbnail\" src=\"https:\/\/www.gilseia.com.br\/site\/wp-content\/uploads\/2022\/04\/111.jpg\" alt=\"\"\/>\n\t\t<\/div>\n\t<\/div>\n<\/div>\n\n\n<map name=\"Map\">\n<area coords=\"172,174,121\" shape=\"circle\" href=\"https:\/\/www.gilseia.com.br\/site\/clinica\/\" \/>\n<area coords=\"501,177,119\" shape=\"circle\" href=\"https:\/\/www.gilseia.com.br\/site\/perfil\/\" \/>\n<area coords=\"822,174,120\" shape=\"circle\" href=\"https:\/\/www.gilseia.com.br\/site\/tratamentos\/\" \/>\n<area coords=\"218,446,92\" shape=\"circle\" href=\"https:\/\/www.gilseia.com.br\/site\/agendamento-de-consultas\/\" \/>\n<area coords=\"787,447,91\" shape=\"circle\" href=\"https:\/\/www.gilseia.com.br\/site\/fale-conosco\/\" \/>\n<area coords=\"508,446,93\" shape=\"circle\" href=\"https:\/\/www.gilseia.com.br\/site\/novidades-e-curiosidades\/\" \/> <\/map>\n<div style=\"display: none;\">\n<p>cl\u00ednica bucofacial passo fundo est\u00e9tica facial e bucal implantes dent\u00e1rios cirurgia avan\u00e7ada bucofacial, facetas porcelana passo fundo, clareamento dental a laser em passo fundo, Passo Fundo RS, bichectomia toxina botul\u00ednica<\/p>\n<h1>lifting sem cortes com fios em passo fundo,\u00a0suprimentos inform\u00e1tica passo fundo, implantes dent\u00e1rios cirurgia avan\u00e7ada bucofacial,<\/h1>\n<h2>lifting sem cortes com fios em passo fundo, cl\u00ednica bucofacial passo fundo est\u00e9tica facial e bucal e regi\u00e3o, implantes dent\u00e1rios cirurgia avan\u00e7ada bucofacial em passo fundo, laserterapia, material lipoaspira\u00e7\u00e3o facial, clareamento dental a laser em passo fundo, para passo fundo e regi\u00e3o, clareamento dental a laser em passo fundo para passo fundo e regi\u00e3o\u00a0bucofacial em passo fundo lifting sem cortes com fios em passo fundo, cl\u00ednica bucofacial passo fundo est\u00e9tica facial e bucal e regi\u00e3o, implantes dent\u00e1rios cirurgia avan\u00e7ada bucofacial em passo fundo, laserterapia, material lipoaspira\u00e7\u00e3o facial, clareamento dental a laser em passo fundo, <a title=\"bucofacial em passo fundo lifting sem cortes com fios em passo fundo, cl\u00ednica bucofacial passo fundo est\u00e9tica facial e bucal e regi\u00e3o, implantes dent\u00e1rios cirurgia avan\u00e7ada bucofacial em passo fundo, laserterapia, material lipoaspira\u00e7\u00e3o facial, clareamento dental a laser em passo fundo, para passo fundo e regi\u00e3o, clareamento dental a laser em passo fundo para passo fundo e regi\u00e3o\" href=\"http:\/\/www.www.gilseia.com.br\"> para passo fundo e regi\u00e3o, clareamento dental a laser em passo fundo para passo fundo e regi\u00e3o\u00a0bucofacial em passo fundo lifting sem cortes com fios em passo fundo, cl\u00ednica bucofacial passo fundo est\u00e9tica facial e bucal e regi\u00e3o, implantes dent\u00e1rios cirurgia avan\u00e7ada bucofacial em passo fundo, laserterapia, material lipoaspira\u00e7\u00e3o facial, clareamento dental a laser em passo fundo<\/a>, para passo fundo e regi\u00e3o, clareamento dental a laser em passo fundo para passo fundo e regi\u00e3o\u00a0bucofacial em passo fundo lifting sem cortes com fios em passo fundo, cl\u00ednica bucofacial passo fundo est\u00e9tica facial e bucal e regi\u00e3o, implantes dent\u00e1rios cirurgia avan\u00e7ada bucofacial em passo fundo, laserterapia, material lipoaspira\u00e7\u00e3o facial, clareamento dental a laser em passo fundo, para passo fundo e regi\u00e3o, clareamento dental a laser em passo fundo para passo fundo e regi\u00e3o\u00a0bucofacial em passo fundo lifting sem cortes com fios em passo fundo, cl\u00ednica bucofacial passo fundo est\u00e9tica facial e bucal e regi\u00e3o, implantes dent\u00e1rios cirurgia avan\u00e7ada bucofacial em passo fundo, laserterapia, material lipoaspira\u00e7\u00e3o facial, clareamento dental a laser em passo fundo, para passo fundo e regi\u00e3o, <a title=\"bucofacial em passo fundo lifting sem cortes com fios em passo fundo, cl\u00ednica bucofacial passo fundo est\u00e9tica facial e bucal e regi\u00e3o, implantes dent\u00e1rios cirurgia avan\u00e7ada bucofacial em passo fundo, laserterapia, material lipoaspira\u00e7\u00e3o facial, clareamento dental a laser em passo fundo, para passo fundo e regi\u00e3o, clareamento dental a laser em passo fundo para passo fundo e regi\u00e3o\" href=\"http:\/\/www.www.gilseia.com.br\/site\">clareamento dental a laser em passo fundo para passo fundo e regi\u00e3o\u00a0bucofacial em passo fundo lifting sem cortes com fios em passo fundo, cl\u00ednica bucofacial passo fundo est\u00e9tica facial e bucal e regi\u00e3o, cria\u00e7\u00e3o de sit<\/a>es em passo fundo, laserterapia, material lipoaspira\u00e7\u00e3o facial, clareamento dental a laser em passo fundo, para passo fundo e regi\u00e3o, clareamento dental a laser em passo fundo para passo fundo e regi\u00e3o<\/h2>\n<div id=\"attachment_747\" style=\"width: 353px\" class=\"wp-caption aligncenter\"><a href=\"https:\/\/www.gilseia.com.br\/site\/wp-content\/uploads\/2013\/06\/dentista-em-passo-fundo.jpg\"><img decoding=\"async\" aria-describedby=\"caption-attachment-747\" class=\"size-full wp-image-747 \" title=\"bucofacial em passo fundo lifting sem cortes com fios em passo fundo\" src=\"https:\/\/www.gilseia.com.br\/site\/wp-content\/uploads\/2013\/06\/dentista-em-passo-fundo.jpg\" alt=\"bucofacial em passo fundo lifting sem cortes com fios em passo fundo\" width=\"343\" height=\"300\" loading=\"lazy\" \/><\/a><p id=\"caption-attachment-747\" class=\"wp-caption-text\">bucofacial em passo fundo lifting sem cortes com fios em passo fundo<\/p><\/div>\n<\/div>\n","protected":false},"excerpt":{"rendered":"<p>cl\u00ednica bucofacial passo fundo est\u00e9tica facial e bucal implantes dent\u00e1rios cirurgia avan\u00e7ada bucofacial, facetas porcelana passo fundo, clareamento dental a laser em passo fundo, Passo Fundo RS, bichectomia toxina botul\u00ednica lifting sem cortes com fios em passo fundo,\u00a0suprimentos inform\u00e1tica passo fundo, implantes dent\u00e1rios cirurgia avan\u00e7ada bucofacial, lifting sem cortes com fios em passo fundo, cl\u00ednica [&hellip;]<\/p>\n","protected":false},"author":1,"featured_media":0,"parent":0,"menu_order":6,"comment_status":"closed","ping_status":"closed","template":"template-inicio.php","meta":{"footnotes":""},"class_list":["post-19","page","type-page","status-publish","hentry"],"_links":{"self":[{"href":"https:\/\/www.gilseia.com.br\/site\/wp-json\/wp\/v2\/pages\/19"}],"collection":[{"href":"https:\/\/www.gilseia.com.br\/site\/wp-json\/wp\/v2\/pages"}],"about":[{"href":"https:\/\/www.gilseia.com.br\/site\/wp-json\/wp\/v2\/types\/page"}],"author":[{"embeddable":true,"href":"https:\/\/www.gilseia.com.br\/site\/wp-json\/wp\/v2\/users\/1"}],"replies":[{"embeddable":true,"href":"https:\/\/www.gilseia.com.br\/site\/wp-json\/wp\/v2\/comments?post=19"}],"version-history":[{"count":1,"href":"https:\/\/www.gilseia.com.br\/site\/wp-json\/wp\/v2\/pages\/19\/revisions"}],"predecessor-version":[{"id":1597,"href":"https:\/\/www.gilseia.com.br\/site\/wp-json\/wp\/v2\/pages\/19\/revisions\/1597"}],"wp:attachment":[{"href":"https:\/\/www.gilseia.com.br\/site\/wp-json\/wp\/v2\/media?parent=19"}],"curies":[{"name":"wp","href":"https:\/\/api.w.org\/{rel}","templated":true}]}}